{"id":12,"date":"2026-02-13T11:32:09","date_gmt":"2026-02-13T16:32:09","guid":{"rendered":"https:\/\/palliami.wp.vortexdev.com\/?page_id=12"},"modified":"2026-02-13T11:49:45","modified_gmt":"2026-02-13T16:49:45","slug":"privacy-policy","status":"publish","type":"page","link":"https:\/\/palliami.wp.vortexdev.com\/en\/privacy-policy\/","title":{"rendered":"Privacy Policy"},"content":{"rendered":"\n<h2 class=\"wp-block-heading\">Introduction<\/h2>\n\n<p>Bienvenue sur le site Internet de PalliAmi (<a href=\"https:\/\/palliami.org\">https:\/\/palliami.org<\/a>). En naviguant dans notre site Internet, vous acceptez les modalit\u00e9s et conditions d&#8217;utilisation qui suivent. Si telle n&#8217;est pas votre intention, veuillez quitter le site.<\/p>\n\n<h2 class=\"wp-block-heading\" id=\"avis-de-propriete-intellectuelle\">Avis de propri\u00e9t\u00e9 intellectuelle<a href=\"#avis-de-propriete-intellectuelle\"><\/a><\/h2>\n\n<p>Le site Internet de PalliAmi ainsi que tout le contenu qui y est diffus\u00e9 ou auquel il donne acc\u00e8s sont prot\u00e9g\u00e9s par des droits d&#8217;auteur. Toute adaptation ou diffusion en sont interdites \u00e0 moins d&#8217;avoir pr\u00e9alablement obtenu l&#8217;autorisation de le faire.<\/p>\n\n<h2 class=\"wp-block-heading\">Exclusion de responsabilit\u00e9<\/h2>\n\n<p>PalliAmi n&#8217;offre aucune garantie quant \u00e0 l&#8217;exactitude, la pertinence ou la fiabilit\u00e9 du contenu du site Internet, ni en ce qui a trait aux erreurs ou aux omissions qu&#8217;il pourrait contenir. En aucun cas l&#8217;information contenue sur le site Internet ne peut \u00eatre interpr\u00e9t\u00e9e comme \u00e9tant un avis juridique. PalliAmi d\u00e9cline toute responsabilit\u00e9 quant \u00e0 l&#8217;usage qui en est fait.<\/p>\n\n<h2 class=\"wp-block-heading\">Protection des renseignements personnels<\/h2>\n\n<p>PalliAmi respecte votre droit \u00e0 la protection des renseignements personnels, conform\u00e9ment aux lois du Qu\u00e9bec et du Canada sur la protection de la vie priv\u00e9e.<\/p>\n\n<p>PalliAmi peut \u00eatre appel\u00e9 \u00e0 recueillir des renseignements personnels \u00e0 votre sujet. Ces renseignements personnels sont utilis\u00e9s exclusivement par PalliAmi pour communiquer avec vous, vous fournir les services ou les renseignements que vous avez demand\u00e9s ou vous transmettre des informations susceptibles de vous int\u00e9resser. PalliAmi ne se servira des renseignements personnels qu&#8217;\u00e0 ces fins, \u00e0 moins d&#8217;avoir obtenu votre consentement. Si vous ne d\u00e9sirez pas recevoir de l&#8217;information suppl\u00e9mentaire, vous pouvez nous le faire savoir en communiquant avec nous.<\/p>\n","protected":false},"excerpt":{"rendered":"<p>Introduction Bienvenue sur le site Internet de PalliAmi (https:\/\/palliami.org). En naviguant dans notre site Internet, vous acceptez les modalit\u00e9s et&hellip;<\/p>\n","protected":false},"author":1,"featured_media":0,"parent":0,"menu_order":0,"comment_status":"closed","ping_status":"closed","template":"","meta":{"_acf_changed":false,"footnotes":""},"class_list":["post-12","page","type-page","status-publish","hentry"],"acf":[],"_links":{"self":[{"href":"https:\/\/palliami.wp.vortexdev.com\/en\/wp-json\/wp\/v2\/pages\/12","targetHints":{"allow":["GET"]}}],"collection":[{"href":"https:\/\/palliami.wp.vortexdev.com\/en\/wp-json\/wp\/v2\/pages"}],"about":[{"href":"https:\/\/palliami.wp.vortexdev.com\/en\/wp-json\/wp\/v2\/types\/page"}],"author":[{"embeddable":true,"href":"https:\/\/palliami.wp.vortexdev.com\/en\/wp-json\/wp\/v2\/users\/1"}],"replies":[{"embeddable":true,"href":"https:\/\/palliami.wp.vortexdev.com\/en\/wp-json\/wp\/v2\/comments?post=12"}],"version-history":[{"count":2,"href":"https:\/\/palliami.wp.vortexdev.com\/en\/wp-json\/wp\/v2\/pages\/12\/revisions"}],"predecessor-version":[{"id":24,"href":"https:\/\/palliami.wp.vortexdev.com\/en\/wp-json\/wp\/v2\/pages\/12\/revisions\/24"}],"wp:attachment":[{"href":"https:\/\/palliami.wp.vortexdev.com\/en\/wp-json\/wp\/v2\/media?parent=12"}],"curies":[{"name":"wp","href":"https:\/\/api.w.org\/{rel}","templated":true}]}}